{"id":112,"date":"2023-11-19T21:15:53","date_gmt":"2023-11-20T00:15:53","guid":{"rendered":"https:\/\/ipesambiental.com\/?page_id=112"},"modified":"2025-04-11T10:17:43","modified_gmt":"2025-04-11T13:17:43","slug":"projetos","status":"publish","type":"page","link":"https:\/\/ipesambiental.com\/?page_id=112","title":{"rendered":"PUBLICA\u00c7\u00d5ES"},"content":{"rendered":"\t\t<div data-elementor-type=\"wp-page\" data-elementor-id=\"112\" class=\"elementor elementor-112\" data-elementor-post-type=\"page\">\n\t\t\t\t<div class=\"elementor-element elementor-element-7063c53 e-flex e-con-boxed e-con e-parent\" data-id=\"7063c53\" data-element_type=\"container\">\n\t\t\t\t\t<div class=\"e-con-inner\">\n\t\t\t\t<div class=\"elementor-element elementor-element-f2c52e9 elementor-widget elementor-widget-heading\" data-id=\"f2c52e9\" data-element_type=\"widget\" data-widget_type=\"heading.default\">\n\t\t\t\t<div class=\"elementor-widget-container\">\n\t\t\t<h2 class=\"elementor-heading-title elementor-size-default\">CONHE\u00c7A OS PROJETOS DA IP\u00caS AMBIENTAL<\/h2>\t\t<\/div>\n\t\t\t\t<\/div>\n\t\t\t\t<div class=\"elementor-element elementor-element-2858820 elementor-widget elementor-widget-text-editor\" data-id=\"2858820\" data-element_type=\"widget\" data-widget_type=\"text-editor.default\">\n\t\t\t\t<div class=\"elementor-widget-container\">\n\t\t\t\t\t\t\t<p>Em breve, voc\u00ea ter\u00e1 todo o conte\u00fado de nossos projetos.\u00a0<\/p>\t\t\t\t\t\t<\/div>\n\t\t\t\t<\/div>\n\t\t\t\t\t<\/div>\n\t\t\t\t<\/div>\n\t\t<div class=\"elementor-element elementor-element-505d3aa e-flex e-con-boxed e-con e-parent\" data-id=\"505d3aa\" data-element_type=\"container\">\n\t\t\t\t\t<div class=\"e-con-inner\">\n\t\t<div class=\"elementor-element elementor-element-0e646b3 e-con-full e-flex e-con e-child\" data-id=\"0e646b3\" data-element_type=\"container\" data-settings=\"{&quot;background_background&quot;:&quot;classic&quot;}\">\n\t\t<div class=\"elementor-element elementor-element-d26ad03 e-flex e-con-boxed e-con e-child\" data-id=\"d26ad03\" data-element_type=\"container\">\n\t\t\t\t\t<div class=\"e-con-inner\">\n\t\t\t\t<div class=\"elementor-element elementor-element-696e876 elementor-widget__width-initial elementor-widget-mobile__width-initial elementor-widget elementor-widget-image\" data-id=\"696e876\" data-element_type=\"widget\" data-widget_type=\"image.default\">\n\t\t\t\t<div class=\"elementor-widget-container\">\n\t\t\t\t\t\t\t\t\t\t\t\t\t<img fetchpriority=\"high\" decoding=\"async\" width=\"1080\" height=\"1080\" src=\"https:\/\/ipesambiental.com\/wp-content\/uploads\/2024\/04\/ipes.jpg\" class=\"attachment-full size-full wp-image-200\" alt=\"\" srcset=\"https:\/\/ipesambiental.com\/wp-content\/uploads\/2024\/04\/ipes.jpg 1080w, https:\/\/ipesambiental.com\/wp-content\/uploads\/2024\/04\/ipes-300x300.jpg 300w, https:\/\/ipesambiental.com\/wp-content\/uploads\/2024\/04\/ipes-1024x1024.jpg 1024w, https:\/\/ipesambiental.com\/wp-content\/uploads\/2024\/04\/ipes-150x150.jpg 150w, https:\/\/ipesambiental.com\/wp-content\/uploads\/2024\/04\/ipes-768x768.jpg 768w\" sizes=\"(max-width: 1080px) 100vw, 1080px\" \/>\t\t\t\t\t\t\t\t\t\t\t\t\t<\/div>\n\t\t\t\t<\/div>\n\t\t<div class=\"elementor-element elementor-element-74b6b39 e-flex e-con-boxed e-con e-child\" data-id=\"74b6b39\" data-element_type=\"container\" data-settings=\"{&quot;background_background&quot;:&quot;classic&quot;}\">\n\t\t\t\t\t<div class=\"e-con-inner\">\n\t\t\t\t<div class=\"elementor-element elementor-element-363d065 elementor-widget elementor-widget-heading\" data-id=\"363d065\" data-element_type=\"widget\" data-widget_type=\"heading.default\">\n\t\t\t\t<div class=\"elementor-widget-container\">\n\t\t\t<h2 class=\"elementor-heading-title elementor-size-default\">OS POVOS ORIGIN\u00c1RIOS E O MEIO AMBIENTE: UMA ABORDAGEM LOCAL<\/h2>\t\t<\/div>\n\t\t\t\t<\/div>\n\t\t\t\t<div class=\"elementor-element elementor-element-ff35917 elementor-widget elementor-widget-button\" data-id=\"ff35917\" data-element_type=\"widget\" data-widget_type=\"button.default\">\n\t\t\t\t<div class=\"elementor-widget-container\">\n\t\t\t\t\t\t\t<div class=\"elementor-button-wrapper\">\n\t\t\t\t\t<a class=\"elementor-button elementor-button-link elementor-size-sm\" href=\"#\">\n\t\t\t\t\t\t<span class=\"elementor-button-content-wrapper\">\n\t\t\t\t\t\t\t\t\t<span class=\"elementor-button-text\">Saiba mais<\/span>\n\t\t\t\t\t<\/span>\n\t\t\t\t\t<\/a>\n\t\t\t\t<\/div>\n\t\t\t\t\t\t<\/div>\n\t\t\t\t<\/div>\n\t\t\t\t\t<\/div>\n\t\t\t\t<\/div>\n\t\t\t\t\t<\/div>\n\t\t\t\t<\/div>\n\t\t\t\t<\/div>\n\t\t\t\t\t<\/div>\n\t\t\t\t<\/div>\n\t\t<div class=\"elementor-element elementor-element-980f461 e-con-full e-flex e-con e-parent\" data-id=\"980f461\" data-element_type=\"container\">\n\t\t<div class=\"elementor-element elementor-element-d8d965c e-con-full e-flex e-con e-child\" data-id=\"d8d965c\" data-element_type=\"container\" data-settings=\"{&quot;background_background&quot;:&quot;classic&quot;}\">\n\t\t<div class=\"elementor-element elementor-element-c350630 e-flex e-con-boxed e-con e-child\" data-id=\"c350630\" data-element_type=\"container\">\n\t\t\t\t\t<div class=\"e-con-inner\">\n\t\t\t\t<div class=\"elementor-element elementor-element-5ac5da8 elementor-widget__width-initial elementor-widget-mobile__width-initial elementor-widget elementor-widget-image\" data-id=\"5ac5da8\" data-element_type=\"widget\" data-widget_type=\"image.default\">\n\t\t\t\t<div class=\"elementor-widget-container\">\n\t\t\t\t\t\t\t\t\t\t\t\t\t<img decoding=\"async\" width=\"942\" height=\"476\" src=\"https:\/\/ipesambiental.com\/wp-content\/uploads\/2023\/08\/Arvore-1.png\" class=\"attachment-full size-full wp-image-57\" alt=\"\" srcset=\"https:\/\/ipesambiental.com\/wp-content\/uploads\/2023\/08\/Arvore-1.png 942w, https:\/\/ipesambiental.com\/wp-content\/uploads\/2023\/08\/Arvore-1-300x152.png 300w, https:\/\/ipesambiental.com\/wp-content\/uploads\/2023\/08\/Arvore-1-768x388.png 768w\" sizes=\"(max-width: 942px) 100vw, 942px\" \/>\t\t\t\t\t\t\t\t\t\t\t\t\t<\/div>\n\t\t\t\t<\/div>\n\t\t<div class=\"elementor-element elementor-element-3c14a94 e-flex e-con-boxed e-con e-child\" data-id=\"3c14a94\" data-element_type=\"container\" data-settings=\"{&quot;background_background&quot;:&quot;classic&quot;}\">\n\t\t\t\t\t<div class=\"e-con-inner\">\n\t\t\t\t<div class=\"elementor-element elementor-element-b0bdf3a elementor-widget elementor-widget-heading\" data-id=\"b0bdf3a\" data-element_type=\"widget\" data-widget_type=\"heading.default\">\n\t\t\t\t<div class=\"elementor-widget-container\">\n\t\t\t<h2 class=\"elementor-heading-title elementor-size-default\">Diretoria da IP\u00caS se re\u00fane com\no Secret\u00e1rio de Meio Ambiente<\/h2>\t\t<\/div>\n\t\t\t\t<\/div>\n\t\t\t\t<div class=\"elementor-element elementor-element-9e99ea2 elementor-widget elementor-widget-button\" data-id=\"9e99ea2\" data-element_type=\"widget\" data-widget_type=\"button.default\">\n\t\t\t\t<div class=\"elementor-widget-container\">\n\t\t\t\t\t\t\t<div class=\"elementor-button-wrapper\">\n\t\t\t\t\t<a class=\"elementor-button elementor-button-link elementor-size-sm\" href=\"https:\/\/ipesambiental.com\/wp-content\/uploads\/2024\/05\/IPES-reuniao-SMA-para-site.docx\" download=\"\">\n\t\t\t\t\t\t<span class=\"elementor-button-content-wrapper\">\n\t\t\t\t\t\t\t\t\t<span class=\"elementor-button-text\">Saiba mais<\/span>\n\t\t\t\t\t<\/span>\n\t\t\t\t\t<\/a>\n\t\t\t\t<\/div>\n\t\t\t\t\t\t<\/div>\n\t\t\t\t<\/div>\n\t\t\t\t\t<\/div>\n\t\t\t\t<\/div>\n\t\t\t\t\t<\/div>\n\t\t\t\t<\/div>\n\t\t\t\t<\/div>\n\t\t\t\t<\/div>\n\t\t<div class=\"elementor-element elementor-element-d54f13b e-con-full e-flex e-con e-parent\" data-id=\"d54f13b\" data-element_type=\"container\">\n\t\t<div class=\"elementor-element elementor-element-12a6596 e-con-full e-flex e-con e-child\" data-id=\"12a6596\" data-element_type=\"container\" data-settings=\"{&quot;background_background&quot;:&quot;classic&quot;}\">\n\t\t<div class=\"elementor-element elementor-element-080ac79 e-flex e-con-boxed e-con e-child\" data-id=\"080ac79\" data-element_type=\"container\">\n\t\t\t\t\t<div class=\"e-con-inner\">\n\t\t\t\t<div class=\"elementor-element elementor-element-30e3f45 elementor-widget__width-initial elementor-widget-mobile__width-initial elementor-widget elementor-widget-image\" data-id=\"30e3f45\" data-element_type=\"widget\" data-widget_type=\"image.default\">\n\t\t\t\t<div class=\"elementor-widget-container\">\n\t\t\t\t\t\t\t\t\t\t\t\t\t<img decoding=\"async\" src=\"https:\/\/ipesambiental.com\/wp-content\/uploads\/elementor\/thumbs\/WhatsApp-Image-2024-12-01-at-18.17.34-qy0hof78hju6wtiqss3tn82erds7o3yjf13uo1es74.jpeg\" title=\"1 confer\u00eancia do meio ambiente\" alt=\"1 confer\u00eancia do meio ambiente\" loading=\"lazy\" \/>\t\t\t\t\t\t\t\t\t\t\t\t\t<\/div>\n\t\t\t\t<\/div>\n\t\t<div class=\"elementor-element elementor-element-7bc3b48 e-flex e-con-boxed e-con e-child\" data-id=\"7bc3b48\" data-element_type=\"container\" data-settings=\"{&quot;background_background&quot;:&quot;classic&quot;}\">\n\t\t\t\t\t<div class=\"e-con-inner\">\n\t\t\t\t<div class=\"elementor-element elementor-element-4dc3780 elementor-widget__width-initial elementor-widget elementor-widget-heading\" data-id=\"4dc3780\" data-element_type=\"widget\" data-widget_type=\"heading.default\">\n\t\t\t\t<div class=\"elementor-widget-container\">\n\t\t\t<h2 class=\"elementor-heading-title elementor-size-default\"><span style=\"color: var( --e-global-color-4d7feb3 );text-align: var(--text-align);background-color: var( --e-global-color-67fb2f9 )\">1\u00aa Confer\u00eancia Municipal do Meio Ambiente<\/span><\/h2>\t\t<\/div>\n\t\t\t\t<\/div>\n\t\t\t\t<div class=\"elementor-element elementor-element-59ad18d elementor-widget elementor-widget-button\" data-id=\"59ad18d\" data-element_type=\"widget\" data-widget_type=\"button.default\">\n\t\t\t\t<div class=\"elementor-widget-container\">\n\t\t\t\t\t\t\t<div class=\"elementor-button-wrapper\">\n\t\t\t\t\t<a class=\"elementor-button elementor-size-sm\" role=\"button\">\n\t\t\t\t\t\t<span class=\"elementor-button-content-wrapper\">\n\t\t\t\t\t\t\t\t\t<span class=\"elementor-button-text\">Saiba mais<\/span>\n\t\t\t\t\t<\/span>\n\t\t\t\t\t<\/a>\n\t\t\t\t<\/div>\n\t\t\t\t\t\t<\/div>\n\t\t\t\t<\/div>\n\t\t\t\t\t<\/div>\n\t\t\t\t<\/div>\n\t\t\t\t\t<\/div>\n\t\t\t\t<\/div>\n\t\t\t\t<\/div>\n\t\t\t\t<\/div>\n\t\t<div class=\"elementor-element elementor-element-0a368f4 e-con-full e-flex e-con e-child\" data-id=\"0a368f4\" data-element_type=\"container\" data-settings=\"{&quot;background_background&quot;:&quot;classic&quot;}\">\n\t\t<div class=\"elementor-element elementor-element-cfa9a5b e-flex e-con-boxed e-con e-child\" data-id=\"cfa9a5b\" data-element_type=\"container\">\n\t\t\t\t\t<div class=\"e-con-inner\">\n\t\t\t\t<div class=\"elementor-element elementor-element-28a8b1d elementor-widget__width-initial elementor-widget-mobile__width-initial elementor-widget elementor-widget-image\" data-id=\"28a8b1d\" data-element_type=\"widget\" data-widget_type=\"image.default\">\n\t\t\t\t<div class=\"elementor-widget-container\">\n\t\t\t\t\t\t\t\t\t\t\t\t\t<img decoding=\"async\" src=\"https:\/\/ipesambiental.com\/wp-content\/uploads\/elementor\/thumbs\/Post-instagram-licenciamento-ambiental-minimalista-verde-e-branco-r3oh5h6lk7o380j0k1361mfrqc2ro6wi8kdkhsphz4.png\" title=\"Post instagram licenciamento ambiental minimalista verde e branco\" alt=\"Post instagram licenciamento ambiental minimalista verde e branco\" loading=\"lazy\" \/>\t\t\t\t\t\t\t\t\t\t\t\t\t<\/div>\n\t\t\t\t<\/div>\n\t\t<div class=\"elementor-element elementor-element-141da7e e-flex e-con-boxed e-con e-child\" data-id=\"141da7e\" data-element_type=\"container\" data-settings=\"{&quot;background_background&quot;:&quot;classic&quot;}\">\n\t\t\t\t\t<div class=\"e-con-inner\">\n\t\t\t\t<div class=\"elementor-element elementor-element-81c9fcd elementor-widget__width-initial elementor-widget elementor-widget-heading\" data-id=\"81c9fcd\" data-element_type=\"widget\" data-widget_type=\"heading.default\">\n\t\t\t\t<div class=\"elementor-widget-container\">\n\t\t\t<h2 class=\"elementor-heading-title elementor-size-default\"><span style=\"color: var( --e-global-color-4d7feb3 );text-align: var(--text-align);background-color: var( --e-global-color-67fb2f9 )\">Assembleia Ordin\u00e1ria Estatut\u00e1ria<\/span><\/h2>\t\t<\/div>\n\t\t\t\t<\/div>\n\t\t\t\t<div class=\"elementor-element elementor-element-cb87427 elementor-widget elementor-widget-button\" data-id=\"cb87427\" data-element_type=\"widget\" data-widget_type=\"button.default\">\n\t\t\t\t<div class=\"elementor-widget-container\">\n\t\t\t\t\t\t\t<div class=\"elementor-button-wrapper\">\n\t\t\t\t\t<a class=\"elementor-button elementor-button-link elementor-size-sm\" href=\"https:\/\/ipesambiental.com\/?p=362\" rel=\"nofollow\">\n\t\t\t\t\t\t<span class=\"elementor-button-content-wrapper\">\n\t\t\t\t\t\t\t\t\t<span class=\"elementor-button-text\">Saiba mais<\/span>\n\t\t\t\t\t<\/span>\n\t\t\t\t\t<\/a>\n\t\t\t\t<\/div>\n\t\t\t\t\t\t<\/div>\n\t\t\t\t<\/div>\n\t\t\t\t\t<\/div>\n\t\t\t\t<\/div>\n\t\t\t\t\t<\/div>\n\t\t\t\t<\/div>\n\t\t\t\t<\/div>\n\t\t<div class=\"elementor-element elementor-element-53fd442 e-con-full e-flex e-con e-child\" data-id=\"53fd442\" data-element_type=\"container\" data-settings=\"{&quot;background_background&quot;:&quot;classic&quot;}\">\n\t\t<div class=\"elementor-element elementor-element-e07dbec e-flex e-con-boxed e-con e-child\" data-id=\"e07dbec\" data-element_type=\"container\">\n\t\t\t\t\t<div class=\"e-con-inner\">\n\t\t\t\t<div class=\"elementor-element elementor-element-5e5811d elementor-widget__width-initial elementor-widget-mobile__width-initial elementor-widget elementor-widget-image\" data-id=\"5e5811d\" data-element_type=\"widget\" data-widget_type=\"image.default\">\n\t\t\t\t<div class=\"elementor-widget-container\">\n\t\t\t\t\t\t\t\t\t\t\t\t\t<img decoding=\"async\" src=\"https:\/\/ipesambiental.com\/wp-content\/uploads\/elementor\/thumbs\/Green-and-White-Scrapbook-Illustrative-Environmental-Sustainability-Presentation-r47bwf9im79oqdekmo4si1s9tlc1y4y42bmxdcrozk.png\" title=\"Green and White Scrapbook Illustrative Environmental Sustainability Presentation\" alt=\"Green and White Scrapbook Illustrative Environmental Sustainability Presentation\" loading=\"lazy\" \/>\t\t\t\t\t\t\t\t\t\t\t\t\t<\/div>\n\t\t\t\t<\/div>\n\t\t<div class=\"elementor-element elementor-element-563163d e-flex e-con-boxed e-con e-child\" data-id=\"563163d\" data-element_type=\"container\" data-settings=\"{&quot;background_background&quot;:&quot;classic&quot;}\">\n\t\t\t\t\t<div class=\"e-con-inner\">\n\t\t\t\t<div class=\"elementor-element elementor-element-f7d471f elementor-widget__width-initial elementor-widget elementor-widget-heading\" data-id=\"f7d471f\" data-element_type=\"widget\" data-widget_type=\"heading.default\">\n\t\t\t\t<div class=\"elementor-widget-container\">\n\t\t\t<h2 class=\"elementor-heading-title elementor-size-default\">BALAN\u00c7O PATRIMONIAL<\/h2>\t\t<\/div>\n\t\t\t\t<\/div>\n\t\t\t\t<div class=\"elementor-element elementor-element-c740a0c elementor-widget elementor-widget-button\" data-id=\"c740a0c\" data-element_type=\"widget\" data-widget_type=\"button.default\">\n\t\t\t\t<div class=\"elementor-widget-container\">\n\t\t\t\t\t\t\t<div class=\"elementor-button-wrapper\">\n\t\t\t\t\t<a class=\"elementor-button elementor-button-link elementor-size-sm\" href=\"https:\/\/ipesambiental.com\/wp-content\/uploads\/2025\/04\/Balanco-e-DRE-2024.pdf\" rel=\"nofollow\">\n\t\t\t\t\t\t<span class=\"elementor-button-content-wrapper\">\n\t\t\t\t\t\t\t\t\t<span class=\"elementor-button-text\">Saiba mais<\/span>\n\t\t\t\t\t<\/span>\n\t\t\t\t\t<\/a>\n\t\t\t\t<\/div>\n\t\t\t\t\t\t<\/div>\n\t\t\t\t<\/div>\n\t\t\t\t\t<\/div>\n\t\t\t\t<\/div>\n\t\t\t\t\t<\/div>\n\t\t\t\t<\/div>\n\t\t\t\t<\/div>\n\t\t\t\t<\/div>\n\t\t","protected":false},"excerpt":{"rendered":"<p>CONHE\u00c7A OS PROJETOS DA IP\u00caS AMBIENTAL Em breve, voc\u00ea ter\u00e1 todo o conte\u00fado de nossos projetos.\u00a0 OS POVOS ORIGIN\u00c1RIOS E O MEIO AMBIENTE: UMA ABORDAGEM LOCAL Saiba mais Diretoria da IP\u00caS se re\u00fane com o Secret\u00e1rio de Meio Ambiente Saiba mais 1\u00aa Confer\u00eancia Municipal do Meio Ambiente Saiba mais Assembleia Ordin\u00e1ria Estatut\u00e1ria Saiba mais BALAN\u00c7O [&hellip;]<\/p>\n","protected":false},"author":1,"featured_media":0,"parent":0,"menu_order":0,"comment_status":"closed","ping_status":"closed","template":"elementor_header_footer","meta":{"footnotes":""},"class_list":["post-112","page","type-page","status-publish","hentry"],"yoast_head":"<!-- This site is optimized with the Yoast SEO plugin v23.9 - https:\/\/yoast.com\/wordpress\/plugins\/seo\/ -->\n<title>PUBLICA\u00c7\u00d5ES - ipesambiental<\/title>\n<meta name=\"robots\" content=\"index, follow, max-snippet:-1, max-image-preview:large, max-video-preview:-1\" \/>\n<link rel=\"canonical\" href=\"https:\/\/ipesambiental.com\/?page_id=112\" \/>\n<meta property=\"og:locale\" content=\"en_US\" \/>\n<meta property=\"og:type\" content=\"article\" \/>\n<meta property=\"og:title\" content=\"PUBLICA\u00c7\u00d5ES - ipesambiental\" \/>\n<meta property=\"og:description\" content=\"CONHE\u00c7A OS PROJETOS DA IP\u00caS AMBIENTAL Em breve, voc\u00ea ter\u00e1 todo o conte\u00fado de nossos projetos.\u00a0 OS POVOS ORIGIN\u00c1RIOS E O MEIO AMBIENTE: UMA ABORDAGEM LOCAL Saiba mais Diretoria da IP\u00caS se re\u00fane com o Secret\u00e1rio de Meio Ambiente Saiba mais 1\u00aa Confer\u00eancia Municipal do Meio Ambiente Saiba mais Assembleia Ordin\u00e1ria Estatut\u00e1ria Saiba mais BALAN\u00c7O [&hellip;]\" \/>\n<meta property=\"og:url\" content=\"https:\/\/ipesambiental.com\/?page_id=112\" \/>\n<meta property=\"og:site_name\" content=\"ipesambiental\" \/>\n<meta property=\"article:modified_time\" content=\"2025-04-11T13:17:43+00:00\" \/>\n<meta property=\"og:image\" content=\"https:\/\/ipesambiental.com\/wp-content\/uploads\/2024\/04\/ipes.jpg\" \/>\n\t<meta property=\"og:image:width\" content=\"1080\" \/>\n\t<meta property=\"og:image:height\" content=\"1080\" \/>\n\t<meta property=\"og:image:type\" content=\"image\/jpeg\" \/>\n<meta name=\"twitter:card\" content=\"summary_large_image\" \/>\n<meta name=\"twitter:label1\" content=\"Est. reading time\" \/>\n\t<meta name=\"twitter:data1\" content=\"2 minutes\" \/>\n<script type=\"application\/ld+json\" class=\"yoast-schema-graph\">{\"@context\":\"https:\/\/schema.org\",\"@graph\":[{\"@type\":\"WebPage\",\"@id\":\"https:\/\/ipesambiental.com\/?page_id=112\",\"url\":\"https:\/\/ipesambiental.com\/?page_id=112\",\"name\":\"PUBLICA\u00c7\u00d5ES - ipesambiental\",\"isPartOf\":{\"@id\":\"https:\/\/ipesambiental.com\/#website\"},\"primaryImageOfPage\":{\"@id\":\"https:\/\/ipesambiental.com\/?page_id=112#primaryimage\"},\"image\":{\"@id\":\"https:\/\/ipesambiental.com\/?page_id=112#primaryimage\"},\"thumbnailUrl\":\"https:\/\/ipesambiental.com\/wp-content\/uploads\/2024\/04\/ipes.jpg\",\"datePublished\":\"2023-11-20T00:15:53+00:00\",\"dateModified\":\"2025-04-11T13:17:43+00:00\",\"breadcrumb\":{\"@id\":\"https:\/\/ipesambiental.com\/?page_id=112#breadcrumb\"},\"inLanguage\":\"en-US\",\"potentialAction\":[{\"@type\":\"ReadAction\",\"target\":[\"https:\/\/ipesambiental.com\/?page_id=112\"]}]},{\"@type\":\"ImageObject\",\"inLanguage\":\"en-US\",\"@id\":\"https:\/\/ipesambiental.com\/?page_id=112#primaryimage\",\"url\":\"https:\/\/ipesambiental.com\/wp-content\/uploads\/2024\/04\/ipes.jpg\",\"contentUrl\":\"https:\/\/ipesambiental.com\/wp-content\/uploads\/2024\/04\/ipes.jpg\",\"width\":1080,\"height\":1080},{\"@type\":\"BreadcrumbList\",\"@id\":\"https:\/\/ipesambiental.com\/?page_id=112#breadcrumb\",\"itemListElement\":[{\"@type\":\"ListItem\",\"position\":1,\"name\":\"Home\",\"item\":\"https:\/\/ipesambiental.com\/\"},{\"@type\":\"ListItem\",\"position\":2,\"name\":\"PUBLICA\u00c7\u00d5ES\"}]},{\"@type\":\"WebSite\",\"@id\":\"https:\/\/ipesambiental.com\/#website\",\"url\":\"https:\/\/ipesambiental.com\/\",\"name\":\"ipesambiental\",\"description\":\"\",\"publisher\":{\"@id\":\"https:\/\/ipesambiental.com\/#organization\"},\"potentialAction\":[{\"@type\":\"SearchAction\",\"target\":{\"@type\":\"EntryPoint\",\"urlTemplate\":\"https:\/\/ipesambiental.com\/?s={search_term_string}\"},\"query-input\":{\"@type\":\"PropertyValueSpecification\",\"valueRequired\":true,\"valueName\":\"search_term_string\"}}],\"inLanguage\":\"en-US\"},{\"@type\":\"Organization\",\"@id\":\"https:\/\/ipesambiental.com\/#organization\",\"name\":\"ipesambiental\",\"url\":\"https:\/\/ipesambiental.com\/\",\"logo\":{\"@type\":\"ImageObject\",\"inLanguage\":\"en-US\",\"@id\":\"https:\/\/ipesambiental.com\/#\/schema\/logo\/image\/\",\"url\":\"https:\/\/ipesambiental.com\/wp-content\/uploads\/2023\/08\/ASSO-IPES.jpg\",\"contentUrl\":\"https:\/\/ipesambiental.com\/wp-content\/uploads\/2023\/08\/ASSO-IPES.jpg\",\"width\":2131,\"height\":2040,\"caption\":\"ipesambiental\"},\"image\":{\"@id\":\"https:\/\/ipesambiental.com\/#\/schema\/logo\/image\/\"}}]}<\/script>\n<!-- \/ Yoast SEO plugin. -->","yoast_head_json":{"title":"PUBLICA\u00c7\u00d5ES - ipesambiental","robots":{"index":"index","follow":"follow","max-snippet":"max-snippet:-1","max-image-preview":"max-image-preview:large","max-video-preview":"max-video-preview:-1"},"canonical":"https:\/\/ipesambiental.com\/?page_id=112","og_locale":"en_US","og_type":"article","og_title":"PUBLICA\u00c7\u00d5ES - ipesambiental","og_description":"CONHE\u00c7A OS PROJETOS DA IP\u00caS AMBIENTAL Em breve, voc\u00ea ter\u00e1 todo o conte\u00fado de nossos projetos.\u00a0 OS POVOS ORIGIN\u00c1RIOS E O MEIO AMBIENTE: UMA ABORDAGEM LOCAL Saiba mais Diretoria da IP\u00caS se re\u00fane com o Secret\u00e1rio de Meio Ambiente Saiba mais 1\u00aa Confer\u00eancia Municipal do Meio Ambiente Saiba mais Assembleia Ordin\u00e1ria Estatut\u00e1ria Saiba mais BALAN\u00c7O [&hellip;]","og_url":"https:\/\/ipesambiental.com\/?page_id=112","og_site_name":"ipesambiental","article_modified_time":"2025-04-11T13:17:43+00:00","og_image":[{"width":1080,"height":1080,"url":"https:\/\/ipesambiental.com\/wp-content\/uploads\/2024\/04\/ipes.jpg","type":"image\/jpeg"}],"twitter_card":"summary_large_image","twitter_misc":{"Est. reading time":"2 minutes"},"schema":{"@context":"https:\/\/schema.org","@graph":[{"@type":"WebPage","@id":"https:\/\/ipesambiental.com\/?page_id=112","url":"https:\/\/ipesambiental.com\/?page_id=112","name":"PUBLICA\u00c7\u00d5ES - ipesambiental","isPartOf":{"@id":"https:\/\/ipesambiental.com\/#website"},"primaryImageOfPage":{"@id":"https:\/\/ipesambiental.com\/?page_id=112#primaryimage"},"image":{"@id":"https:\/\/ipesambiental.com\/?page_id=112#primaryimage"},"thumbnailUrl":"https:\/\/ipesambiental.com\/wp-content\/uploads\/2024\/04\/ipes.jpg","datePublished":"2023-11-20T00:15:53+00:00","dateModified":"2025-04-11T13:17:43+00:00","breadcrumb":{"@id":"https:\/\/ipesambiental.com\/?page_id=112#breadcrumb"},"inLanguage":"en-US","potentialAction":[{"@type":"ReadAction","target":["https:\/\/ipesambiental.com\/?page_id=112"]}]},{"@type":"ImageObject","inLanguage":"en-US","@id":"https:\/\/ipesambiental.com\/?page_id=112#primaryimage","url":"https:\/\/ipesambiental.com\/wp-content\/uploads\/2024\/04\/ipes.jpg","contentUrl":"https:\/\/ipesambiental.com\/wp-content\/uploads\/2024\/04\/ipes.jpg","width":1080,"height":1080},{"@type":"BreadcrumbList","@id":"https:\/\/ipesambiental.com\/?page_id=112#breadcrumb","itemListElement":[{"@type":"ListItem","position":1,"name":"Home","item":"https:\/\/ipesambiental.com\/"},{"@type":"ListItem","position":2,"name":"PUBLICA\u00c7\u00d5ES"}]},{"@type":"WebSite","@id":"https:\/\/ipesambiental.com\/#website","url":"https:\/\/ipesambiental.com\/","name":"ipesambiental","description":"","publisher":{"@id":"https:\/\/ipesambiental.com\/#organization"},"potentialAction":[{"@type":"SearchAction","target":{"@type":"EntryPoint","urlTemplate":"https:\/\/ipesambiental.com\/?s={search_term_string}"},"query-input":{"@type":"PropertyValueSpecification","valueRequired":true,"valueName":"search_term_string"}}],"inLanguage":"en-US"},{"@type":"Organization","@id":"https:\/\/ipesambiental.com\/#organization","name":"ipesambiental","url":"https:\/\/ipesambiental.com\/","logo":{"@type":"ImageObject","inLanguage":"en-US","@id":"https:\/\/ipesambiental.com\/#\/schema\/logo\/image\/","url":"https:\/\/ipesambiental.com\/wp-content\/uploads\/2023\/08\/ASSO-IPES.jpg","contentUrl":"https:\/\/ipesambiental.com\/wp-content\/uploads\/2023\/08\/ASSO-IPES.jpg","width":2131,"height":2040,"caption":"ipesambiental"},"image":{"@id":"https:\/\/ipesambiental.com\/#\/schema\/logo\/image\/"}}]}},"_links":{"self":[{"href":"https:\/\/ipesambiental.com\/index.php?rest_route=\/wp\/v2\/pages\/112","targetHints":{"allow":["GET"]}}],"collection":[{"href":"https:\/\/ipesambiental.com\/index.php?rest_route=\/wp\/v2\/pages"}],"about":[{"href":"https:\/\/ipesambiental.com\/index.php?rest_route=\/wp\/v2\/types\/page"}],"author":[{"embeddable":true,"href":"https:\/\/ipesambiental.com\/index.php?rest_route=\/wp\/v2\/users\/1"}],"replies":[{"embeddable":true,"href":"https:\/\/ipesambiental.com\/index.php?rest_route=%2Fwp%2Fv2%2Fcomments&post=112"}],"version-history":[{"count":44,"href":"https:\/\/ipesambiental.com\/index.php?rest_route=\/wp\/v2\/pages\/112\/revisions"}],"predecessor-version":[{"id":380,"href":"https:\/\/ipesambiental.com\/index.php?rest_route=\/wp\/v2\/pages\/112\/revisions\/380"}],"wp:attachment":[{"href":"https:\/\/ipesambiental.com\/index.php?rest_route=%2Fwp%2Fv2%2Fmedia&parent=112"}],"curies":[{"name":"wp","href":"https:\/\/api.w.org\/{rel}","templated":true}]}}