{"id":114,"date":"2023-11-19T21:15:59","date_gmt":"2023-11-20T00:15:59","guid":{"rendered":"https:\/\/ipesambiental.com\/?page_id=114"},"modified":"2023-11-19T21:31:35","modified_gmt":"2023-11-20T00:31:35","slug":"blog","status":"publish","type":"page","link":"https:\/\/ipesambiental.com\/?page_id=114","title":{"rendered":"BLOG"},"content":{"rendered":"\t\t<div data-elementor-type=\"wp-page\" data-elementor-id=\"114\" class=\"elementor elementor-114\" data-elementor-post-type=\"page\">\n\t\t\t\t<div class=\"elementor-element elementor-element-af828fa e-con-full e-flex e-con e-parent\" data-id=\"af828fa\" data-element_type=\"container\" data-settings=\"{&quot;background_background&quot;:&quot;classic&quot;}\">\n\t\t\t\t<div class=\"elementor-element elementor-element-927cf59 elementor-posts--align-left elementor-grid-3 elementor-grid-tablet-2 elementor-grid-mobile-1 elementor-posts--thumbnail-top elementor-card-shadow-yes elementor-posts__hover-gradient elementor-widget elementor-widget-posts\" data-id=\"927cf59\" data-element_type=\"widget\" data-settings=\"{&quot;cards_columns&quot;:&quot;3&quot;,&quot;cards_columns_tablet&quot;:&quot;2&quot;,&quot;cards_columns_mobile&quot;:&quot;1&quot;,&quot;cards_row_gap&quot;:{&quot;unit&quot;:&quot;px&quot;,&quot;size&quot;:35,&quot;sizes&quot;:[]},&quot;cards_row_gap_tablet&quot;:{&quot;unit&quot;:&quot;px&quot;,&quot;size&quot;:&quot;&quot;,&quot;sizes&quot;:[]},&quot;cards_row_gap_mobile&quot;:{&quot;unit&quot;:&quot;px&quot;,&quot;size&quot;:&quot;&quot;,&quot;sizes&quot;:[]}}\" data-widget_type=\"posts.cards\">\n\t\t\t\t<div class=\"elementor-widget-container\">\n\t\t\t\t\t<div class=\"elementor-posts-container elementor-posts elementor-posts--skin-cards elementor-grid\">\n\t\t\t\t<article class=\"elementor-post elementor-grid-item post-362 post type-post status-publish format-standard has-post-thumbnail hentry category-blog\">\n\t\t\t<div class=\"elementor-post__card\">\n\t\t\t\t<a class=\"elementor-post__thumbnail__link\" href=\"https:\/\/ipesambiental.com\/?p=362\" tabindex=\"-1\" target=\"_blank\"><div class=\"elementor-post__thumbnail\"><img fetchpriority=\"high\" decoding=\"async\" width=\"2000\" height=\"800\" src=\"https:\/\/ipesambiental.com\/wp-content\/uploads\/2025\/04\/Post-instagram-licenciamento-ambiental-minimalista-verde-e-branco-2000-x-1080-px-2000-x-1080-px.png\" class=\"attachment-full size-full wp-image-367\" alt=\"\" srcset=\"https:\/\/ipesambiental.com\/wp-content\/uploads\/2025\/04\/Post-instagram-licenciamento-ambiental-minimalista-verde-e-branco-2000-x-1080-px-2000-x-1080-px.png 2000w, https:\/\/ipesambiental.com\/wp-content\/uploads\/2025\/04\/Post-instagram-licenciamento-ambiental-minimalista-verde-e-branco-2000-x-1080-px-2000-x-1080-px-300x120.png 300w, https:\/\/ipesambiental.com\/wp-content\/uploads\/2025\/04\/Post-instagram-licenciamento-ambiental-minimalista-verde-e-branco-2000-x-1080-px-2000-x-1080-px-1024x410.png 1024w, https:\/\/ipesambiental.com\/wp-content\/uploads\/2025\/04\/Post-instagram-licenciamento-ambiental-minimalista-verde-e-branco-2000-x-1080-px-2000-x-1080-px-768x307.png 768w, https:\/\/ipesambiental.com\/wp-content\/uploads\/2025\/04\/Post-instagram-licenciamento-ambiental-minimalista-verde-e-branco-2000-x-1080-px-2000-x-1080-px-1536x614.png 1536w\" sizes=\"(max-width: 2000px) 100vw, 2000px\" \/><\/div><\/a>\n\t\t\t\t<div class=\"elementor-post__text\">\n\t\t\t\t<h3 class=\"elementor-post__title\">\n\t\t\t<a href=\"https:\/\/ipesambiental.com\/?p=362\" target=&quot;_blank&quot;>\n\t\t\t\tEdital de Convoca\u00e7\u00e3o para Assembleia Ordin\u00e1ria Estatut\u00e1ria\t\t\t<\/a>\n\t\t<\/h3>\n\t\t\t\t<div class=\"elementor-post__excerpt\">\n\t\t\t<p>Edital de Convoca\u00e7\u00e3o para Assembleia Ordin\u00e1ria Estatut\u00e1ria da Associa\u00e7\u00e3o Pr\u00f3 Meio Ambiente Ip\u00eas. Assembleia em 10\/04\/2025, \u00e0s 19h, no Sal\u00e3o Odilon Barbosa, Leopoldina-MG. Pauta: presta\u00e7\u00e3o de contas, atividades de 2024 e planejamento para 2025.<\/p>\n\t\t<\/div>\n\t\t\n\t\t<a class=\"elementor-post__read-more\" href=\"https:\/\/ipesambiental.com\/?p=362\" aria-label=\"Read more about Edital de Convoca\u00e7\u00e3o para Assembleia Ordin\u00e1ria Estatut\u00e1ria\" tabindex=\"-1\" target=\"_blank\">\n\t\t\tLeia Mais\u00bb\t\t<\/a>\n\n\t\t\t\t<\/div>\n\t\t\t\t<div class=\"elementor-post__meta-data\">\n\t\t\t\t\t<span class=\"elementor-post-date\">\n\t\t\t1 de April de 2025\t\t<\/span>\n\t\t\t\t<\/div>\n\t\t\t\t\t<\/div>\n\t\t<\/article>\n\t\t\t\t<article class=\"elementor-post elementor-grid-item post-340 post type-post status-publish format-standard has-post-thumbnail hentry category-blog\">\n\t\t\t<div class=\"elementor-post__card\">\n\t\t\t\t<a class=\"elementor-post__thumbnail__link\" href=\"https:\/\/ipesambiental.com\/?p=340\" tabindex=\"-1\" target=\"_blank\"><div class=\"elementor-post__thumbnail\"><img decoding=\"async\" width=\"1920\" height=\"1080\" src=\"https:\/\/ipesambiental.com\/wp-content\/uploads\/2025\/01\/Post-Instagram-Dia-da-Arvore-Verde-2.png\" class=\"attachment-full size-full wp-image-348\" alt=\"\" srcset=\"https:\/\/ipesambiental.com\/wp-content\/uploads\/2025\/01\/Post-Instagram-Dia-da-Arvore-Verde-2.png 1920w, https:\/\/ipesambiental.com\/wp-content\/uploads\/2025\/01\/Post-Instagram-Dia-da-Arvore-Verde-2-300x169.png 300w, https:\/\/ipesambiental.com\/wp-content\/uploads\/2025\/01\/Post-Instagram-Dia-da-Arvore-Verde-2-1024x576.png 1024w, https:\/\/ipesambiental.com\/wp-content\/uploads\/2025\/01\/Post-Instagram-Dia-da-Arvore-Verde-2-768x432.png 768w, https:\/\/ipesambiental.com\/wp-content\/uploads\/2025\/01\/Post-Instagram-Dia-da-Arvore-Verde-2-1536x864.png 1536w\" sizes=\"(max-width: 1920px) 100vw, 1920px\" \/><\/div><\/a>\n\t\t\t\t<div class=\"elementor-post__text\">\n\t\t\t\t<h3 class=\"elementor-post__title\">\n\t\t\t<a href=\"https:\/\/ipesambiental.com\/?p=340\" target=&quot;_blank&quot;>\n\t\t\t\tMais \u00e1rvores, por favor!\t\t\t<\/a>\n\t\t<\/h3>\n\t\t\t\t<div class=\"elementor-post__excerpt\">\n\t\t\t<p>A arboriza\u00e7\u00e3o urbana em Leopoldina precisa de aten\u00e7\u00e3o! O corte de \u00e1rvores hist\u00f3ricas e a perda da cobertura verde impactam o clima e a qualidade de vida. A Associa\u00e7\u00e3o IPES prop\u00f5e um plano sustent\u00e1vel para recuperar as ruas arborizadas. Saiba mais!<\/p>\n\t\t<\/div>\n\t\t\n\t\t<a class=\"elementor-post__read-more\" href=\"https:\/\/ipesambiental.com\/?p=340\" aria-label=\"Read more about Mais \u00e1rvores, por favor!\" tabindex=\"-1\" target=\"_blank\">\n\t\t\tLeia Mais\u00bb\t\t<\/a>\n\n\t\t\t\t<\/div>\n\t\t\t\t<div class=\"elementor-post__meta-data\">\n\t\t\t\t\t<span class=\"elementor-post-date\">\n\t\t\t30 de January de 2025\t\t<\/span>\n\t\t\t\t<\/div>\n\t\t\t\t\t<\/div>\n\t\t<\/article>\n\t\t\t\t<article class=\"elementor-post elementor-grid-item post-329 post type-post status-publish format-standard has-post-thumbnail hentry category-sustentabilidade\">\n\t\t\t<div class=\"elementor-post__card\">\n\t\t\t\t<a class=\"elementor-post__thumbnail__link\" href=\"https:\/\/ipesambiental.com\/?p=329\" tabindex=\"-1\" target=\"_blank\"><div class=\"elementor-post__thumbnail\"><img decoding=\"async\" width=\"1600\" height=\"1200\" src=\"https:\/\/ipesambiental.com\/wp-content\/uploads\/2025\/01\/WhatsApp-Image-2025-01-15-at-08.07.35-1.jpeg\" class=\"attachment-full size-full wp-image-332\" alt=\"\" srcset=\"https:\/\/ipesambiental.com\/wp-content\/uploads\/2025\/01\/WhatsApp-Image-2025-01-15-at-08.07.35-1.jpeg 1600w, https:\/\/ipesambiental.com\/wp-content\/uploads\/2025\/01\/WhatsApp-Image-2025-01-15-at-08.07.35-1-300x225.jpeg 300w, https:\/\/ipesambiental.com\/wp-content\/uploads\/2025\/01\/WhatsApp-Image-2025-01-15-at-08.07.35-1-1024x768.jpeg 1024w, https:\/\/ipesambiental.com\/wp-content\/uploads\/2025\/01\/WhatsApp-Image-2025-01-15-at-08.07.35-1-768x576.jpeg 768w, https:\/\/ipesambiental.com\/wp-content\/uploads\/2025\/01\/WhatsApp-Image-2025-01-15-at-08.07.35-1-1536x1152.jpeg 1536w\" sizes=\"(max-width: 1600px) 100vw, 1600px\" \/><\/div><\/a>\n\t\t\t\t<div class=\"elementor-post__text\">\n\t\t\t\t<h3 class=\"elementor-post__title\">\n\t\t\t<a href=\"https:\/\/ipesambiental.com\/?p=329\" target=&quot;_blank&quot;>\n\t\t\t\tNOTA DE REP\u00daDIO DA ASSOCIA\u00c7\u00c3O IP\u00caS: DEFESA DO MEIO AMBIENTE E PRESERVA\u00c7\u00c3O DAS \u00c1RVORES EM LEOPOLDINA\t\t\t<\/a>\n\t\t<\/h3>\n\t\t\t\t<div class=\"elementor-post__excerpt\">\n\t\t\t<p>A Associa\u00e7\u00e3o Pr\u00f3 Meio Ambiente &#8211; IP\u00caS manifesta rep\u00fadio ao corte de \u00e1rvores urbanas em Leopoldina, incluindo a remo\u00e7\u00e3o de um OITI centen\u00e1rio. Refor\u00e7amos a import\u00e2ncia da preserva\u00e7\u00e3o ambiental e da arboriza\u00e7\u00e3o urbana para a qualidade de vida e o patrim\u00f4nio natural da cidade.<\/p>\n\t\t<\/div>\n\t\t\n\t\t<a class=\"elementor-post__read-more\" href=\"https:\/\/ipesambiental.com\/?p=329\" aria-label=\"Read more about NOTA DE REP\u00daDIO DA ASSOCIA\u00c7\u00c3O IP\u00caS: DEFESA DO MEIO AMBIENTE E PRESERVA\u00c7\u00c3O DAS \u00c1RVORES EM LEOPOLDINA\" tabindex=\"-1\" target=\"_blank\">\n\t\t\tLeia Mais\u00bb\t\t<\/a>\n\n\t\t\t\t<\/div>\n\t\t\t\t<div class=\"elementor-post__meta-data\">\n\t\t\t\t\t<span class=\"elementor-post-date\">\n\t\t\t16 de January de 2025\t\t<\/span>\n\t\t\t\t<\/div>\n\t\t\t\t\t<\/div>\n\t\t<\/article>\n\t\t\t\t<article class=\"elementor-post elementor-grid-item post-326 post type-post status-publish format-standard has-post-thumbnail hentry category-sustentabilidade\">\n\t\t\t<div class=\"elementor-post__card\">\n\t\t\t\t<a class=\"elementor-post__thumbnail__link\" href=\"https:\/\/ipesambiental.com\/?p=326\" tabindex=\"-1\" target=\"_blank\"><div class=\"elementor-post__thumbnail\"><img loading=\"lazy\" decoding=\"async\" width=\"1600\" height=\"1200\" src=\"https:\/\/ipesambiental.com\/wp-content\/uploads\/2025\/01\/WhatsApp-Image-2025-01-04-at-10.29.48-1.jpeg\" class=\"attachment-full size-full wp-image-327\" alt=\"\" srcset=\"https:\/\/ipesambiental.com\/wp-content\/uploads\/2025\/01\/WhatsApp-Image-2025-01-04-at-10.29.48-1.jpeg 1600w, https:\/\/ipesambiental.com\/wp-content\/uploads\/2025\/01\/WhatsApp-Image-2025-01-04-at-10.29.48-1-300x225.jpeg 300w, https:\/\/ipesambiental.com\/wp-content\/uploads\/2025\/01\/WhatsApp-Image-2025-01-04-at-10.29.48-1-1024x768.jpeg 1024w, https:\/\/ipesambiental.com\/wp-content\/uploads\/2025\/01\/WhatsApp-Image-2025-01-04-at-10.29.48-1-768x576.jpeg 768w, https:\/\/ipesambiental.com\/wp-content\/uploads\/2025\/01\/WhatsApp-Image-2025-01-04-at-10.29.48-1-1536x1152.jpeg 1536w\" sizes=\"(max-width: 1600px) 100vw, 1600px\" \/><\/div><\/a>\n\t\t\t\t<div class=\"elementor-post__text\">\n\t\t\t\t<h3 class=\"elementor-post__title\">\n\t\t\t<a href=\"https:\/\/ipesambiental.com\/?p=326\" target=&quot;_blank&quot;>\n\t\t\t\tEmerg\u00eancia Clim\u00e1tica\t\t\t<\/a>\n\t\t<\/h3>\n\t\t\t\t<div class=\"elementor-post__excerpt\">\n\t\t\t<p>Confer\u00eancia Municipal de Meio Ambiente em Leopoldina debateu a &#8216;Emerg\u00eancia Clim\u00e1tica&#8217; e os desafios da transforma\u00e7\u00e3o ecol\u00f3gica, com foco em educa\u00e7\u00e3o ambiental, justi\u00e7a clim\u00e1tica e governan\u00e7a sustent\u00e1vel. Confira reflex\u00f5es sobre o evento e a\u00e7\u00f5es para o futuro.&#8221;<\/p>\n\t\t<\/div>\n\t\t\n\t\t<a class=\"elementor-post__read-more\" href=\"https:\/\/ipesambiental.com\/?p=326\" aria-label=\"Read more about Emerg\u00eancia Clim\u00e1tica\" tabindex=\"-1\" target=\"_blank\">\n\t\t\tLeia Mais\u00bb\t\t<\/a>\n\n\t\t\t\t<\/div>\n\t\t\t\t<div class=\"elementor-post__meta-data\">\n\t\t\t\t\t<span class=\"elementor-post-date\">\n\t\t\t8 de January de 2025\t\t<\/span>\n\t\t\t\t<\/div>\n\t\t\t\t\t<\/div>\n\t\t<\/article>\n\t\t\t\t<article class=\"elementor-post elementor-grid-item post-280 post type-post status-publish format-standard has-post-thumbnail hentry category-blog\">\n\t\t\t<div class=\"elementor-post__card\">\n\t\t\t\t<a class=\"elementor-post__thumbnail__link\" href=\"https:\/\/ipesambiental.com\/?p=280\" tabindex=\"-1\" target=\"_blank\"><div class=\"elementor-post__thumbnail\"><img loading=\"lazy\" decoding=\"async\" width=\"1079\" height=\"1325\" src=\"https:\/\/ipesambiental.com\/wp-content\/uploads\/2024\/12\/WhatsApp-Image-2024-12-01-at-18.17.34.jpeg\" class=\"attachment-full size-full wp-image-281\" alt=\"\" srcset=\"https:\/\/ipesambiental.com\/wp-content\/uploads\/2024\/12\/WhatsApp-Image-2024-12-01-at-18.17.34.jpeg 1079w, https:\/\/ipesambiental.com\/wp-content\/uploads\/2024\/12\/WhatsApp-Image-2024-12-01-at-18.17.34-244x300.jpeg 244w, https:\/\/ipesambiental.com\/wp-content\/uploads\/2024\/12\/WhatsApp-Image-2024-12-01-at-18.17.34-834x1024.jpeg 834w, https:\/\/ipesambiental.com\/wp-content\/uploads\/2024\/12\/WhatsApp-Image-2024-12-01-at-18.17.34-768x943.jpeg 768w\" sizes=\"(max-width: 1079px) 100vw, 1079px\" \/><\/div><\/a>\n\t\t\t\t<div class=\"elementor-post__text\">\n\t\t\t\t<h3 class=\"elementor-post__title\">\n\t\t\t<a href=\"https:\/\/ipesambiental.com\/?p=280\" target=&quot;_blank&quot;>\n\t\t\t\t1\u00aa Confer\u00eancia Municipal do Meio Ambiente\t\t\t<\/a>\n\t\t<\/h3>\n\t\t\t\t<div class=\"elementor-post__excerpt\">\n\t\t\t<p>Participe da 1\u00aa Confer\u00eancia Municipal do Meio Ambiente: um evento global para debater solu\u00e7\u00f5es sustent\u00e1veis, prote\u00e7\u00e3o ambiental e a\u00e7\u00f5es pelo futuro do planeta. N\u00e3o perca!<\/p>\n\t\t<\/div>\n\t\t\n\t\t<a class=\"elementor-post__read-more\" href=\"https:\/\/ipesambiental.com\/?p=280\" aria-label=\"Read more about 1\u00aa Confer\u00eancia Municipal do Meio Ambiente\" tabindex=\"-1\" target=\"_blank\">\n\t\t\tLeia Mais\u00bb\t\t<\/a>\n\n\t\t\t\t<\/div>\n\t\t\t\t<div class=\"elementor-post__meta-data\">\n\t\t\t\t\t<span class=\"elementor-post-date\">\n\t\t\t4 de December de 2024\t\t<\/span>\n\t\t\t\t<\/div>\n\t\t\t\t\t<\/div>\n\t\t<\/article>\n\t\t\t\t<article class=\"elementor-post elementor-grid-item post-260 post type-post status-publish format-standard has-post-thumbnail hentry category-sustentabilidade tag-5rs tag-praticas-sustentaveis tag-preservacao-ambiental tag-reciclagem-de-vidro tag-separacao-de-lixo tag-sustentabilidade tag-vidro-de-esmalte\">\n\t\t\t<div class=\"elementor-post__card\">\n\t\t\t\t<a class=\"elementor-post__thumbnail__link\" href=\"https:\/\/ipesambiental.com\/?p=260\" tabindex=\"-1\" target=\"_blank\"><div class=\"elementor-post__thumbnail\"><img loading=\"lazy\" decoding=\"async\" width=\"2080\" height=\"1080\" src=\"https:\/\/ipesambiental.com\/wp-content\/uploads\/2024\/12\/Post-do-Instagram-Manicure-Esmalte-Moderno-Bege-e-Marrom-2.png\" class=\"attachment-full size-full wp-image-276\" alt=\"\" srcset=\"https:\/\/ipesambiental.com\/wp-content\/uploads\/2024\/12\/Post-do-Instagram-Manicure-Esmalte-Moderno-Bege-e-Marrom-2.png 2080w, https:\/\/ipesambiental.com\/wp-content\/uploads\/2024\/12\/Post-do-Instagram-Manicure-Esmalte-Moderno-Bege-e-Marrom-2-300x156.png 300w, https:\/\/ipesambiental.com\/wp-content\/uploads\/2024\/12\/Post-do-Instagram-Manicure-Esmalte-Moderno-Bege-e-Marrom-2-1024x532.png 1024w, https:\/\/ipesambiental.com\/wp-content\/uploads\/2024\/12\/Post-do-Instagram-Manicure-Esmalte-Moderno-Bege-e-Marrom-2-768x399.png 768w, https:\/\/ipesambiental.com\/wp-content\/uploads\/2024\/12\/Post-do-Instagram-Manicure-Esmalte-Moderno-Bege-e-Marrom-2-1536x798.png 1536w, https:\/\/ipesambiental.com\/wp-content\/uploads\/2024\/12\/Post-do-Instagram-Manicure-Esmalte-Moderno-Bege-e-Marrom-2-2048x1063.png 2048w\" sizes=\"(max-width: 2080px) 100vw, 2080px\" \/><\/div><\/a>\n\t\t\t\t<div class=\"elementor-post__text\">\n\t\t\t\t<h3 class=\"elementor-post__title\">\n\t\t\t<a href=\"https:\/\/ipesambiental.com\/?p=260\" target=&quot;_blank&quot;>\n\t\t\t\tA quem interessa o vidro de esmalte?\t\t\t<\/a>\n\t\t<\/h3>\n\t\t\t\t<div class=\"elementor-post__excerpt\">\n\t\t\t<p>Confira o artigo &#8220;A Quem Interessa o Vidro de Esmalte?&#8221; e explore como os 5Rs e a log\u00edstica reversa podem ajudar a reduzir nosso impacto ambiental. Leia agora!<\/p>\n\t\t<\/div>\n\t\t\n\t\t<a class=\"elementor-post__read-more\" href=\"https:\/\/ipesambiental.com\/?p=260\" aria-label=\"Read more about A quem interessa o vidro de esmalte?\" tabindex=\"-1\" target=\"_blank\">\n\t\t\tLeia Mais\u00bb\t\t<\/a>\n\n\t\t\t\t<\/div>\n\t\t\t\t<div class=\"elementor-post__meta-data\">\n\t\t\t\t\t<span class=\"elementor-post-date\">\n\t\t\t1 de December de 2024\t\t<\/span>\n\t\t\t\t<\/div>\n\t\t\t\t\t<\/div>\n\t\t<\/article>\n\t\t\t\t<\/div>\n\t\t\n\t\t\t\t<\/div>\n\t\t\t\t<\/div>\n\t\t\t\t<\/div>\n\t\t\t\t<\/div>\n\t\t","protected":false},"excerpt":{"rendered":"","protected":false},"author":1,"featured_media":0,"parent":0,"menu_order":0,"comment_status":"closed","ping_status":"closed","template":"elementor_header_footer","meta":{"footnotes":""},"class_list":["post-114","page","type-page","status-publish","hentry"],"yoast_head":"<!-- This site is optimized with the Yoast SEO plugin v23.9 - https:\/\/yoast.com\/wordpress\/plugins\/seo\/ -->\n<title>BLOG - ipesambiental<\/title>\n<meta name=\"robots\" content=\"index, follow, max-snippet:-1, max-image-preview:large, max-video-preview:-1\" \/>\n<link rel=\"canonical\" href=\"https:\/\/ipesambiental.com\/?page_id=114\" \/>\n<meta property=\"og:locale\" content=\"en_US\" \/>\n<meta property=\"og:type\" content=\"article\" \/>\n<meta property=\"og:title\" content=\"BLOG - ipesambiental\" \/>\n<meta property=\"og:url\" content=\"https:\/\/ipesambiental.com\/?page_id=114\" \/>\n<meta property=\"og:site_name\" content=\"ipesambiental\" \/>\n<meta property=\"article:modified_time\" content=\"2023-11-20T00:31:35+00:00\" \/>\n<meta name=\"twitter:card\" content=\"summary_large_image\" \/>\n<script type=\"application\/ld+json\" class=\"yoast-schema-graph\">{\"@context\":\"https:\/\/schema.org\",\"@graph\":[{\"@type\":\"WebPage\",\"@id\":\"https:\/\/ipesambiental.com\/?page_id=114\",\"url\":\"https:\/\/ipesambiental.com\/?page_id=114\",\"name\":\"BLOG - ipesambiental\",\"isPartOf\":{\"@id\":\"https:\/\/ipesambiental.com\/#website\"},\"datePublished\":\"2023-11-20T00:15:59+00:00\",\"dateModified\":\"2023-11-20T00:31:35+00:00\",\"breadcrumb\":{\"@id\":\"https:\/\/ipesambiental.com\/?page_id=114#breadcrumb\"},\"inLanguage\":\"en-US\",\"potentialAction\":[{\"@type\":\"ReadAction\",\"target\":[\"https:\/\/ipesambiental.com\/?page_id=114\"]}]},{\"@type\":\"BreadcrumbList\",\"@id\":\"https:\/\/ipesambiental.com\/?page_id=114#breadcrumb\",\"itemListElement\":[{\"@type\":\"ListItem\",\"position\":1,\"name\":\"Home\",\"item\":\"https:\/\/ipesambiental.com\/\"},{\"@type\":\"ListItem\",\"position\":2,\"name\":\"BLOG\"}]},{\"@type\":\"WebSite\",\"@id\":\"https:\/\/ipesambiental.com\/#website\",\"url\":\"https:\/\/ipesambiental.com\/\",\"name\":\"ipesambiental\",\"description\":\"\",\"publisher\":{\"@id\":\"https:\/\/ipesambiental.com\/#organization\"},\"potentialAction\":[{\"@type\":\"SearchAction\",\"target\":{\"@type\":\"EntryPoint\",\"urlTemplate\":\"https:\/\/ipesambiental.com\/?s={search_term_string}\"},\"query-input\":{\"@type\":\"PropertyValueSpecification\",\"valueRequired\":true,\"valueName\":\"search_term_string\"}}],\"inLanguage\":\"en-US\"},{\"@type\":\"Organization\",\"@id\":\"https:\/\/ipesambiental.com\/#organization\",\"name\":\"ipesambiental\",\"url\":\"https:\/\/ipesambiental.com\/\",\"logo\":{\"@type\":\"ImageObject\",\"inLanguage\":\"en-US\",\"@id\":\"https:\/\/ipesambiental.com\/#\/schema\/logo\/image\/\",\"url\":\"https:\/\/ipesambiental.com\/wp-content\/uploads\/2023\/08\/ASSO-IPES.jpg\",\"contentUrl\":\"https:\/\/ipesambiental.com\/wp-content\/uploads\/2023\/08\/ASSO-IPES.jpg\",\"width\":2131,\"height\":2040,\"caption\":\"ipesambiental\"},\"image\":{\"@id\":\"https:\/\/ipesambiental.com\/#\/schema\/logo\/image\/\"}}]}<\/script>\n<!-- \/ Yoast SEO plugin. -->","yoast_head_json":{"title":"BLOG - ipesambiental","robots":{"index":"index","follow":"follow","max-snippet":"max-snippet:-1","max-image-preview":"max-image-preview:large","max-video-preview":"max-video-preview:-1"},"canonical":"https:\/\/ipesambiental.com\/?page_id=114","og_locale":"en_US","og_type":"article","og_title":"BLOG - ipesambiental","og_url":"https:\/\/ipesambiental.com\/?page_id=114","og_site_name":"ipesambiental","article_modified_time":"2023-11-20T00:31:35+00:00","twitter_card":"summary_large_image","schema":{"@context":"https:\/\/schema.org","@graph":[{"@type":"WebPage","@id":"https:\/\/ipesambiental.com\/?page_id=114","url":"https:\/\/ipesambiental.com\/?page_id=114","name":"BLOG - ipesambiental","isPartOf":{"@id":"https:\/\/ipesambiental.com\/#website"},"datePublished":"2023-11-20T00:15:59+00:00","dateModified":"2023-11-20T00:31:35+00:00","breadcrumb":{"@id":"https:\/\/ipesambiental.com\/?page_id=114#breadcrumb"},"inLanguage":"en-US","potentialAction":[{"@type":"ReadAction","target":["https:\/\/ipesambiental.com\/?page_id=114"]}]},{"@type":"BreadcrumbList","@id":"https:\/\/ipesambiental.com\/?page_id=114#breadcrumb","itemListElement":[{"@type":"ListItem","position":1,"name":"Home","item":"https:\/\/ipesambiental.com\/"},{"@type":"ListItem","position":2,"name":"BLOG"}]},{"@type":"WebSite","@id":"https:\/\/ipesambiental.com\/#website","url":"https:\/\/ipesambiental.com\/","name":"ipesambiental","description":"","publisher":{"@id":"https:\/\/ipesambiental.com\/#organization"},"potentialAction":[{"@type":"SearchAction","target":{"@type":"EntryPoint","urlTemplate":"https:\/\/ipesambiental.com\/?s={search_term_string}"},"query-input":{"@type":"PropertyValueSpecification","valueRequired":true,"valueName":"search_term_string"}}],"inLanguage":"en-US"},{"@type":"Organization","@id":"https:\/\/ipesambiental.com\/#organization","name":"ipesambiental","url":"https:\/\/ipesambiental.com\/","logo":{"@type":"ImageObject","inLanguage":"en-US","@id":"https:\/\/ipesambiental.com\/#\/schema\/logo\/image\/","url":"https:\/\/ipesambiental.com\/wp-content\/uploads\/2023\/08\/ASSO-IPES.jpg","contentUrl":"https:\/\/ipesambiental.com\/wp-content\/uploads\/2023\/08\/ASSO-IPES.jpg","width":2131,"height":2040,"caption":"ipesambiental"},"image":{"@id":"https:\/\/ipesambiental.com\/#\/schema\/logo\/image\/"}}]}},"_links":{"self":[{"href":"https:\/\/ipesambiental.com\/index.php?rest_route=\/wp\/v2\/pages\/114","targetHints":{"allow":["GET"]}}],"collection":[{"href":"https:\/\/ipesambiental.com\/index.php?rest_route=\/wp\/v2\/pages"}],"about":[{"href":"https:\/\/ipesambiental.com\/index.php?rest_route=\/wp\/v2\/types\/page"}],"author":[{"embeddable":true,"href":"https:\/\/ipesambiental.com\/index.php?rest_route=\/wp\/v2\/users\/1"}],"replies":[{"embeddable":true,"href":"https:\/\/ipesambiental.com\/index.php?rest_route=%2Fwp%2Fv2%2Fcomments&post=114"}],"version-history":[{"count":11,"href":"https:\/\/ipesambiental.com\/index.php?rest_route=\/wp\/v2\/pages\/114\/revisions"}],"predecessor-version":[{"id":250,"href":"https:\/\/ipesambiental.com\/index.php?rest_route=\/wp\/v2\/pages\/114\/revisions\/250"}],"wp:attachment":[{"href":"https:\/\/ipesambiental.com\/index.php?rest_route=%2Fwp%2Fv2%2Fmedia&parent=114"}],"curies":[{"name":"wp","href":"https:\/\/api.w.org\/{rel}","templated":true}]}}