{"id":29,"date":"2023-08-22T19:48:54","date_gmt":"2023-08-22T22:48:54","guid":{"rendered":"https:\/\/ipesambiental.com\/?page_id=29"},"modified":"2024-04-02T16:21:59","modified_gmt":"2024-04-02T19:21:59","slug":"galeria","status":"publish","type":"page","link":"https:\/\/ipesambiental.com\/?page_id=29","title":{"rendered":"GALERIA"},"content":{"rendered":"\t\t<div data-elementor-type=\"wp-page\" data-elementor-id=\"29\" class=\"elementor elementor-29\" data-elementor-post-type=\"page\">\n\t\t\t\t<div class=\"elementor-element elementor-element-80732e5 e-con-full e-flex e-con e-parent\" data-id=\"80732e5\" data-element_type=\"container\" data-settings=\"{&quot;background_background&quot;:&quot;classic&quot;}\">\n\t\t\t\t<div class=\"elementor-element elementor-element-4a6c425 elementor-widget elementor-widget-heading\" data-id=\"4a6c425\" data-element_type=\"widget\" data-widget_type=\"heading.default\">\n\t\t\t\t<div class=\"elementor-widget-container\">\n\t\t\t<h2 class=\"elementor-heading-title elementor-size-default\">GALERIA DE FOTOS<\/h2>\t\t<\/div>\n\t\t\t\t<\/div>\n\t\t\t\t<\/div>\n\t\t<div class=\"elementor-element elementor-element-b25cc0a e-flex e-con-boxed e-con e-parent\" data-id=\"b25cc0a\" data-element_type=\"container\">\n\t\t\t\t\t<div class=\"e-con-inner\">\n\t\t\t\t<div class=\"elementor-element elementor-element-7b75776 elementor-widget elementor-widget-heading\" data-id=\"7b75776\" data-element_type=\"widget\" data-widget_type=\"heading.default\">\n\t\t\t\t<div class=\"elementor-widget-container\">\n\t\t\t<h2 class=\"elementor-heading-title elementor-size-default\">CONFRATERNIZA\u00c7\u00c3O  IP\u00caS E FELIZCIDADE - DEZ 2023<\/h2>\t\t<\/div>\n\t\t\t\t<\/div>\n\t\t\t\t<div class=\"elementor-element elementor-element-47323f1 elementor-widget elementor-widget-gallery\" data-id=\"47323f1\" data-element_type=\"widget\" data-settings=\"{&quot;gap&quot;:{&quot;unit&quot;:&quot;px&quot;,&quot;size&quot;:22,&quot;sizes&quot;:[]},&quot;lazyload&quot;:&quot;yes&quot;,&quot;gallery_layout&quot;:&quot;grid&quot;,&quot;columns&quot;:4,&quot;columns_tablet&quot;:2,&quot;columns_mobile&quot;:1,&quot;gap_tablet&quot;:{&quot;unit&quot;:&quot;px&quot;,&quot;size&quot;:10,&quot;sizes&quot;:[]},&quot;gap_mobile&quot;:{&quot;unit&quot;:&quot;px&quot;,&quot;size&quot;:10,&quot;sizes&quot;:[]},&quot;link_to&quot;:&quot;file&quot;,&quot;aspect_ratio&quot;:&quot;3:2&quot;,&quot;overlay_background&quot;:&quot;yes&quot;,&quot;content_hover_animation&quot;:&quot;fade-in&quot;}\" data-widget_type=\"gallery.default\">\n\t\t\t\t<div class=\"elementor-widget-container\">\n\t\t\t\t\t<div class=\"elementor-gallery__container\">\n\t\t\t\t\t\t\t<a class=\"e-gallery-item elementor-gallery-item elementor-animated-content\" href=\"https:\/\/ipesambiental.com\/wp-content\/uploads\/2024\/04\/4.jpg\" data-elementor-open-lightbox=\"yes\" data-elementor-lightbox-slideshow=\"47323f1\" data-elementor-lightbox-title=\"4\" data-e-action-hash=\"#elementor-action%3Aaction%3Dlightbox%26settings%3DeyJpZCI6MTc0LCJ1cmwiOiJodHRwczpcL1wvaXBlc2FtYmllbnRhbC5jb21cL3dwLWNvbnRlbnRcL3VwbG9hZHNcLzIwMjRcLzA0XC80LmpwZyIsInNsaWRlc2hvdyI6IjQ3MzIzZjEifQ%3D%3D\">\n\t\t\t\t\t<div class=\"e-gallery-image elementor-gallery-item__image\" data-thumbnail=\"https:\/\/ipesambiental.com\/wp-content\/uploads\/2024\/04\/4-300x225.jpg\" data-width=\"300\" data-height=\"225\" aria-label=\"\" role=\"img\" ><\/div>\n\t\t\t\t\t\t\t\t\t\t\t<div class=\"elementor-gallery-item__overlay\"><\/div>\n\t\t\t\t\t\t\t\t\t\t\t\t\t\t<\/a>\n\t\t\t\t\t\t\t<a class=\"e-gallery-item elementor-gallery-item elementor-animated-content\" href=\"https:\/\/ipesambiental.com\/wp-content\/uploads\/2024\/04\/3.jpg\" data-elementor-open-lightbox=\"yes\" data-elementor-lightbox-slideshow=\"47323f1\" data-elementor-lightbox-title=\"3\" data-e-action-hash=\"#elementor-action%3Aaction%3Dlightbox%26settings%3DeyJpZCI6MTczLCJ1cmwiOiJodHRwczpcL1wvaXBlc2FtYmllbnRhbC5jb21cL3dwLWNvbnRlbnRcL3VwbG9hZHNcLzIwMjRcLzA0XC8zLmpwZyIsInNsaWRlc2hvdyI6IjQ3MzIzZjEifQ%3D%3D\">\n\t\t\t\t\t<div class=\"e-gallery-image elementor-gallery-item__image\" data-thumbnail=\"https:\/\/ipesambiental.com\/wp-content\/uploads\/2024\/04\/3-300x225.jpg\" data-width=\"300\" data-height=\"225\" aria-label=\"\" role=\"img\" ><\/div>\n\t\t\t\t\t\t\t\t\t\t\t<div class=\"elementor-gallery-item__overlay\"><\/div>\n\t\t\t\t\t\t\t\t\t\t\t\t\t\t<\/a>\n\t\t\t\t\t\t\t<a class=\"e-gallery-item elementor-gallery-item elementor-animated-content\" href=\"https:\/\/ipesambiental.com\/wp-content\/uploads\/2024\/04\/2.jpg\" data-elementor-open-lightbox=\"yes\" data-elementor-lightbox-slideshow=\"47323f1\" data-elementor-lightbox-title=\"2\" data-e-action-hash=\"#elementor-action%3Aaction%3Dlightbox%26settings%3DeyJpZCI6MTcyLCJ1cmwiOiJodHRwczpcL1wvaXBlc2FtYmllbnRhbC5jb21cL3dwLWNvbnRlbnRcL3VwbG9hZHNcLzIwMjRcLzA0XC8yLmpwZyIsInNsaWRlc2hvdyI6IjQ3MzIzZjEifQ%3D%3D\">\n\t\t\t\t\t<div class=\"e-gallery-image elementor-gallery-item__image\" data-thumbnail=\"https:\/\/ipesambiental.com\/wp-content\/uploads\/2024\/04\/2-300x225.jpg\" data-width=\"300\" data-height=\"225\" aria-label=\"\" role=\"img\" ><\/div>\n\t\t\t\t\t\t\t\t\t\t\t<div class=\"elementor-gallery-item__overlay\"><\/div>\n\t\t\t\t\t\t\t\t\t\t\t\t\t\t<\/a>\n\t\t\t\t\t\t\t<a class=\"e-gallery-item elementor-gallery-item elementor-animated-content\" href=\"https:\/\/ipesambiental.com\/wp-content\/uploads\/2024\/04\/1.jpg\" data-elementor-open-lightbox=\"yes\" data-elementor-lightbox-slideshow=\"47323f1\" data-elementor-lightbox-title=\"1\" data-e-action-hash=\"#elementor-action%3Aaction%3Dlightbox%26settings%3DeyJpZCI6MTcxLCJ1cmwiOiJodHRwczpcL1wvaXBlc2FtYmllbnRhbC5jb21cL3dwLWNvbnRlbnRcL3VwbG9hZHNcLzIwMjRcLzA0XC8xLmpwZyIsInNsaWRlc2hvdyI6IjQ3MzIzZjEifQ%3D%3D\">\n\t\t\t\t\t<div class=\"e-gallery-image elementor-gallery-item__image\" data-thumbnail=\"https:\/\/ipesambiental.com\/wp-content\/uploads\/2024\/04\/1-300x225.jpg\" data-width=\"300\" data-height=\"225\" aria-label=\"\" role=\"img\" ><\/div>\n\t\t\t\t\t\t\t\t\t\t\t<div class=\"elementor-gallery-item__overlay\"><\/div>\n\t\t\t\t\t\t\t\t\t\t\t\t\t\t<\/a>\n\t\t\t\t\t<\/div>\n\t\t\t<\/div>\n\t\t\t\t<\/div>\n\t\t\t\t\t<\/div>\n\t\t\t\t<\/div>\n\t\t<div class=\"elementor-element elementor-element-2dd4ba3 e-flex e-con-boxed e-con e-parent\" data-id=\"2dd4ba3\" data-element_type=\"container\">\n\t\t\t\t\t<div class=\"e-con-inner\">\n\t\t<div class=\"elementor-element elementor-element-07fac41 e-flex e-con-boxed e-con e-child\" data-id=\"07fac41\" data-element_type=\"container\">\n\t\t\t\t\t<div class=\"e-con-inner\">\n\t\t\t\t\t<\/div>\n\t\t\t\t<\/div>\n\t\t\t\t\t<\/div>\n\t\t\t\t<\/div>\n\t\t\t\t<\/div>\n\t\t","protected":false},"excerpt":{"rendered":"<p>GALERIA DE FOTOS CONFRATERNIZA\u00c7\u00c3O IP\u00caS E FELIZCIDADE &#8211; DEZ 2023<\/p>\n","protected":false},"author":1,"featured_media":0,"parent":0,"menu_order":0,"comment_status":"closed","ping_status":"closed","template":"elementor_header_footer","meta":{"footnotes":""},"class_list":["post-29","page","type-page","status-publish","hentry"],"yoast_head":"<!-- This site is optimized with the Yoast SEO plugin v23.9 - https:\/\/yoast.com\/wordpress\/plugins\/seo\/ -->\n<title>GALERIA - ipesambiental<\/title>\n<meta name=\"robots\" content=\"index, follow, max-snippet:-1, max-image-preview:large, max-video-preview:-1\" \/>\n<link rel=\"canonical\" href=\"https:\/\/ipesambiental.com\/?page_id=29\" \/>\n<meta property=\"og:locale\" content=\"en_US\" \/>\n<meta property=\"og:type\" content=\"article\" \/>\n<meta property=\"og:title\" content=\"GALERIA - ipesambiental\" \/>\n<meta property=\"og:description\" content=\"GALERIA DE FOTOS CONFRATERNIZA\u00c7\u00c3O IP\u00caS E FELIZCIDADE &#8211; DEZ 2023\" \/>\n<meta property=\"og:url\" content=\"https:\/\/ipesambiental.com\/?page_id=29\" \/>\n<meta property=\"og:site_name\" content=\"ipesambiental\" \/>\n<meta property=\"article:modified_time\" content=\"2024-04-02T19:21:59+00:00\" \/>\n<meta name=\"twitter:card\" content=\"summary_large_image\" \/>\n<script type=\"application\/ld+json\" class=\"yoast-schema-graph\">{\"@context\":\"https:\/\/schema.org\",\"@graph\":[{\"@type\":\"WebPage\",\"@id\":\"https:\/\/ipesambiental.com\/?page_id=29\",\"url\":\"https:\/\/ipesambiental.com\/?page_id=29\",\"name\":\"GALERIA - ipesambiental\",\"isPartOf\":{\"@id\":\"https:\/\/ipesambiental.com\/#website\"},\"datePublished\":\"2023-08-22T22:48:54+00:00\",\"dateModified\":\"2024-04-02T19:21:59+00:00\",\"breadcrumb\":{\"@id\":\"https:\/\/ipesambiental.com\/?page_id=29#breadcrumb\"},\"inLanguage\":\"en-US\",\"potentialAction\":[{\"@type\":\"ReadAction\",\"target\":[\"https:\/\/ipesambiental.com\/?page_id=29\"]}]},{\"@type\":\"BreadcrumbList\",\"@id\":\"https:\/\/ipesambiental.com\/?page_id=29#breadcrumb\",\"itemListElement\":[{\"@type\":\"ListItem\",\"position\":1,\"name\":\"Home\",\"item\":\"https:\/\/ipesambiental.com\/\"},{\"@type\":\"ListItem\",\"position\":2,\"name\":\"GALERIA\"}]},{\"@type\":\"WebSite\",\"@id\":\"https:\/\/ipesambiental.com\/#website\",\"url\":\"https:\/\/ipesambiental.com\/\",\"name\":\"ipesambiental\",\"description\":\"\",\"publisher\":{\"@id\":\"https:\/\/ipesambiental.com\/#organization\"},\"potentialAction\":[{\"@type\":\"SearchAction\",\"target\":{\"@type\":\"EntryPoint\",\"urlTemplate\":\"https:\/\/ipesambiental.com\/?s={search_term_string}\"},\"query-input\":{\"@type\":\"PropertyValueSpecification\",\"valueRequired\":true,\"valueName\":\"search_term_string\"}}],\"inLanguage\":\"en-US\"},{\"@type\":\"Organization\",\"@id\":\"https:\/\/ipesambiental.com\/#organization\",\"name\":\"ipesambiental\",\"url\":\"https:\/\/ipesambiental.com\/\",\"logo\":{\"@type\":\"ImageObject\",\"inLanguage\":\"en-US\",\"@id\":\"https:\/\/ipesambiental.com\/#\/schema\/logo\/image\/\",\"url\":\"https:\/\/ipesambiental.com\/wp-content\/uploads\/2023\/08\/ASSO-IPES.jpg\",\"contentUrl\":\"https:\/\/ipesambiental.com\/wp-content\/uploads\/2023\/08\/ASSO-IPES.jpg\",\"width\":2131,\"height\":2040,\"caption\":\"ipesambiental\"},\"image\":{\"@id\":\"https:\/\/ipesambiental.com\/#\/schema\/logo\/image\/\"}}]}<\/script>\n<!-- \/ Yoast SEO plugin. -->","yoast_head_json":{"title":"GALERIA - ipesambiental","robots":{"index":"index","follow":"follow","max-snippet":"max-snippet:-1","max-image-preview":"max-image-preview:large","max-video-preview":"max-video-preview:-1"},"canonical":"https:\/\/ipesambiental.com\/?page_id=29","og_locale":"en_US","og_type":"article","og_title":"GALERIA - ipesambiental","og_description":"GALERIA DE FOTOS CONFRATERNIZA\u00c7\u00c3O IP\u00caS E FELIZCIDADE &#8211; DEZ 2023","og_url":"https:\/\/ipesambiental.com\/?page_id=29","og_site_name":"ipesambiental","article_modified_time":"2024-04-02T19:21:59+00:00","twitter_card":"summary_large_image","schema":{"@context":"https:\/\/schema.org","@graph":[{"@type":"WebPage","@id":"https:\/\/ipesambiental.com\/?page_id=29","url":"https:\/\/ipesambiental.com\/?page_id=29","name":"GALERIA - ipesambiental","isPartOf":{"@id":"https:\/\/ipesambiental.com\/#website"},"datePublished":"2023-08-22T22:48:54+00:00","dateModified":"2024-04-02T19:21:59+00:00","breadcrumb":{"@id":"https:\/\/ipesambiental.com\/?page_id=29#breadcrumb"},"inLanguage":"en-US","potentialAction":[{"@type":"ReadAction","target":["https:\/\/ipesambiental.com\/?page_id=29"]}]},{"@type":"BreadcrumbList","@id":"https:\/\/ipesambiental.com\/?page_id=29#breadcrumb","itemListElement":[{"@type":"ListItem","position":1,"name":"Home","item":"https:\/\/ipesambiental.com\/"},{"@type":"ListItem","position":2,"name":"GALERIA"}]},{"@type":"WebSite","@id":"https:\/\/ipesambiental.com\/#website","url":"https:\/\/ipesambiental.com\/","name":"ipesambiental","description":"","publisher":{"@id":"https:\/\/ipesambiental.com\/#organization"},"potentialAction":[{"@type":"SearchAction","target":{"@type":"EntryPoint","urlTemplate":"https:\/\/ipesambiental.com\/?s={search_term_string}"},"query-input":{"@type":"PropertyValueSpecification","valueRequired":true,"valueName":"search_term_string"}}],"inLanguage":"en-US"},{"@type":"Organization","@id":"https:\/\/ipesambiental.com\/#organization","name":"ipesambiental","url":"https:\/\/ipesambiental.com\/","logo":{"@type":"ImageObject","inLanguage":"en-US","@id":"https:\/\/ipesambiental.com\/#\/schema\/logo\/image\/","url":"https:\/\/ipesambiental.com\/wp-content\/uploads\/2023\/08\/ASSO-IPES.jpg","contentUrl":"https:\/\/ipesambiental.com\/wp-content\/uploads\/2023\/08\/ASSO-IPES.jpg","width":2131,"height":2040,"caption":"ipesambiental"},"image":{"@id":"https:\/\/ipesambiental.com\/#\/schema\/logo\/image\/"}}]}},"_links":{"self":[{"href":"https:\/\/ipesambiental.com\/index.php?rest_route=\/wp\/v2\/pages\/29","targetHints":{"allow":["GET"]}}],"collection":[{"href":"https:\/\/ipesambiental.com\/index.php?rest_route=\/wp\/v2\/pages"}],"about":[{"href":"https:\/\/ipesambiental.com\/index.php?rest_route=\/wp\/v2\/types\/page"}],"author":[{"embeddable":true,"href":"https:\/\/ipesambiental.com\/index.php?rest_route=\/wp\/v2\/users\/1"}],"replies":[{"embeddable":true,"href":"https:\/\/ipesambiental.com\/index.php?rest_route=%2Fwp%2Fv2%2Fcomments&post=29"}],"version-history":[{"count":25,"href":"https:\/\/ipesambiental.com\/index.php?rest_route=\/wp\/v2\/pages\/29\/revisions"}],"predecessor-version":[{"id":196,"href":"https:\/\/ipesambiental.com\/index.php?rest_route=\/wp\/v2\/pages\/29\/revisions\/196"}],"wp:attachment":[{"href":"https:\/\/ipesambiental.com\/index.php?rest_route=%2Fwp%2Fv2%2Fmedia&parent=29"}],"curies":[{"name":"wp","href":"https:\/\/api.w.org\/{rel}","templated":true}]}}